{"id":2,"date":"2023-02-14T09:20:00","date_gmt":"2023-02-14T08:20:00","guid":{"rendered":"http:\/\/www.ozcour.fr\/OZ\/?page_id=2"},"modified":"2023-06-06T20:59:11","modified_gmt":"2023-06-06T18:59:11","slug":"a-propos","status":"publish","type":"page","link":"https:\/\/www.ozcour.fr\/OZ\/a-propos\/","title":{"rendered":"\u00c0 propos"},"content":{"rendered":"\n<p>L\u2019association OZ\u2019cour ! (OZ pour Obermodern-Zutzendorf) est n\u00e9e d\u2019un d\u00e9fi et de l\u2019envie de participer \u00e0 la vie de nos deux villages en partageant et en valorisant notre patrimoine local.<\/p>\n\n\n\n<p><br>Tout au long de l\u2019ann\u00e9e, nous organisons des \u00e9v\u00e8nements avec pour trait d\u2019union l\u2019ouverture des cours de nos maisons et corps de ferme, d\u00e9cor et h\u00e9ritage typique et caract\u00e9ristique dont nous sommes si fiers !<\/p>\n\n\n\n<p><br>Depuis 2017, nous avons r\u00e9ussi \u00e0 rassembler les habitants autour de plusieurs manifestations qui ont contribu\u00e9 \u00e0 la vie de notre patrimoine unique en favorisant les rencontres \u00e0 travers la d\u00e9couverte des cours de nos maisons, en supportant l\u2019artisanat local et en organisant des \u00e9v\u00e9nements festifs et culturels \u00e0 Obermodern et \u00e0 Zutzendorf.<\/p>\n\n\n\n<p><br>Motiv\u00e9s par nos premiers succ\u00e8s et par les liens qui se sont cr\u00e9\u00e9s spontan\u00e9ment entre les villageois qui se baladaient d\u2019une cour \u00e0 l\u2019autre et se r\u00e9chauffaient autours des feux de la premi\u00e8re \u00e9dition des \u00ab Cours de No\u00ebl \u00bb, nous avons eu envie de multiplier les moyens de partager nos vies par de vraies d\u00e9couvertes et la rencontre de nos villageois de toutes les g\u00e9n\u00e9rations. D\u2019autres \u00e9v\u00e8nements ont suivi et nous ont confort\u00e9s dans notre vison. En particulier la soir\u00e9e musicale et festive qui aura rassembl\u00e9 de nombreux participants ou encore des \u00ab Ma\u00efstub \u00bb, ces rencontres interg\u00e9n\u00e9rationnelles le soir ou en apr\u00e8s-midi et qui ont su allier convivialit\u00e9, simplicit\u00e9, d\u00e9tente, \u00e9changes, plaisir de faire, partage de savoirs\u2026<\/p>\n\n\n\n<p><br>Les membres de l\u2019association se retrouvent autour de nos valeurs qui sont :<br>\u2022 L\u2019\u00e9change : nous cr\u00e9ons de la solidarit\u00e9 et des liens sociaux interg\u00e9n\u00e9rationnels entre les habitants.<br>\u2022 La proximit\u00e9 : nos actions ne se font qu\u2019avec des partenaires, des artisans et des cr\u00e9ateurs locaux.<br>\u2022 La durabilit\u00e9 : nos choix s\u2019inscrivent dans le temps et dans le respect de notre environnement.<br><br>Pas de limite d\u2019\u00e2ge, pas besoin non plus d\u2019\u00eatre dans le village depuis 12 g\u00e9n\u00e9rations ni de poss\u00e9der une maison alsacienne du XVIII\u00e8me si\u00e8cle pour rejoindre, notre association accueille tous ceux qui veulent simplement s\u2019investir dans la vie locale m\u00eame si ce n\u2019est que pour un coup de main ponctuel. Nous avons tous quelque chose \u00e0 donner, nous avons le devoir de partager notre histoire et de favoriser la solidarit\u00e9 interg\u00e9n\u00e9rationnelle.<\/p>\n\n\n\n<p><br>Rejoignez OZ&#8217;cour! et suivez-nous sur Facebook (<a data-type=\"URL\" data-id=\"https:\/\/www.facebook.com\/association.oz.cour\" href=\"https:\/\/www.facebook.com\/association.oz.cour\">@association.oz.cour<\/a>) ou contactez-nous par mail (<a href=\"mailto:contact@ozcour.fr\" target=\"_blank\" rel=\"noreferrer noopener\">contact@ozcour.fr<\/a>). <\/p>\n\n\n\n<p>Inscrivez vous \u00e0 nos lettres d&#8217;informations : <a href=\"https:\/\/www.ozcour.fr\/OZ\/abonnement-a-la-newsletter\/\">Abonnement \u00e0 la Newsletter<\/a>. <\/p>\n\n\n\n<p>Chacun peut contribuer \u00e0 notre objectif de villages alsaciens vivants et dynamiques et renforcer un tissu social sinc\u00e8re et v\u00e9ritable entre les habitants.<\/p>\n\n\n\n<figure class=\"wp-block-image size-large\"><img fetchpriority=\"high\" decoding=\"async\" width=\"1024\" height=\"722\" src=\"https:\/\/www.ozcour.fr\/OZ\/wp-content\/uploads\/2023\/06\/charte-OZcour-mars-2020-1024x722.jpg\" alt=\"\" class=\"wp-image-328\" srcset=\"https:\/\/www.ozcour.fr\/OZ\/wp-content\/uploads\/2023\/06\/charte-OZcour-mars-2020-1024x722.jpg 1024w, https:\/\/www.ozcour.fr\/OZ\/wp-content\/uploads\/2023\/06\/charte-OZcour-mars-2020-300x211.jpg 300w, https:\/\/www.ozcour.fr\/OZ\/wp-content\/uploads\/2023\/06\/charte-OZcour-mars-2020-768x541.jpg 768w, https:\/\/www.ozcour.fr\/OZ\/wp-content\/uploads\/2023\/06\/charte-OZcour-mars-2020-1536x1082.jpg 1536w, https:\/\/www.ozcour.fr\/OZ\/wp-content\/uploads\/2023\/06\/charte-OZcour-mars-2020.jpg 2048w, https:\/\/www.ozcour.fr\/OZ\/wp-content\/uploads\/2023\/06\/charte-OZcour-mars-2020-1320x930.jpg 1320w\" sizes=\"(max-width: 1024px) 100vw, 1024px\" \/><\/figure>\n","protected":false},"excerpt":{"rendered":"<p>L\u2019association OZ\u2019cour ! (OZ pour Obermodern-Zutzendorf) est n\u00e9e d\u2019un d\u00e9fi et de l\u2019envie de participer \u00e0 la vie de nos deux villages en partageant et en valorisant notre patrimoine local. Tout au long de l\u2019ann\u00e9e, nous organisons des \u00e9v\u00e8nements avec pour trait d\u2019union l\u2019ouverture des cours de nos maisons et corps de ferme, d\u00e9cor et [&hellip;]<\/p>\n","protected":false},"author":1,"featured_media":0,"parent":0,"menu_order":0,"comment_status":"closed","ping_status":"open","template":"page-large-header","meta":{"footnotes":""},"class_list":["post-2","page","type-page","status-publish","hentry"],"yoast_head":"<!-- This site is optimized with the Yoast SEO plugin v27.4 - https:\/\/yoast.com\/product\/yoast-seo-wordpress\/ -->\n<title>\u00c0 propos - OZcour!<\/title>\n<meta name=\"robots\" content=\"index, follow, max-snippet:-1, max-image-preview:large, max-video-preview:-1\" \/>\n<link rel=\"canonical\" href=\"https:\/\/www.ozcour.fr\/OZ\/a-propos\/\" \/>\n<meta property=\"og:locale\" content=\"fr_FR\" \/>\n<meta property=\"og:type\" content=\"article\" \/>\n<meta property=\"og:title\" content=\"\u00c0 propos - OZcour!\" \/>\n<meta property=\"og:description\" content=\"L\u2019association OZ\u2019cour ! (OZ pour Obermodern-Zutzendorf) est n\u00e9e d\u2019un d\u00e9fi et de l\u2019envie de participer \u00e0 la vie de nos deux villages en partageant et en valorisant notre patrimoine local. Tout au long de l\u2019ann\u00e9e, nous organisons des \u00e9v\u00e8nements avec pour trait d\u2019union l\u2019ouverture des cours de nos maisons et corps de ferme, d\u00e9cor et [&hellip;]\" \/>\n<meta property=\"og:url\" content=\"https:\/\/www.ozcour.fr\/OZ\/a-propos\/\" \/>\n<meta property=\"og:site_name\" content=\"OZcour!\" \/>\n<meta property=\"article:publisher\" content=\"https:\/\/www.facebook.com\/association.oz.cour\" \/>\n<meta property=\"article:modified_time\" content=\"2023-06-06T18:59:11+00:00\" \/>\n<meta property=\"og:image\" content=\"https:\/\/www.ozcour.fr\/OZ\/wp-content\/uploads\/2023\/06\/charte-OZcour-mars-2020-1024x722.jpg\" \/>\n<meta name=\"twitter:card\" content=\"summary_large_image\" \/>\n<meta name=\"twitter:label1\" content=\"Dur\u00e9e de lecture estim\u00e9e\" \/>\n\t<meta name=\"twitter:data1\" content=\"3 minutes\" \/>\n<script type=\"application\/ld+json\" class=\"yoast-schema-graph\">{\"@context\":\"https:\\\/\\\/schema.org\",\"@graph\":[{\"@type\":\"WebPage\",\"@id\":\"https:\\\/\\\/www.ozcour.fr\\\/OZ\\\/a-propos\\\/\",\"url\":\"https:\\\/\\\/www.ozcour.fr\\\/OZ\\\/a-propos\\\/\",\"name\":\"\u00c0 propos - OZcour!\",\"isPartOf\":{\"@id\":\"https:\\\/\\\/www.ozcour.fr\\\/OZ\\\/#website\"},\"primaryImageOfPage\":{\"@id\":\"https:\\\/\\\/www.ozcour.fr\\\/OZ\\\/a-propos\\\/#primaryimage\"},\"image\":{\"@id\":\"https:\\\/\\\/www.ozcour.fr\\\/OZ\\\/a-propos\\\/#primaryimage\"},\"thumbnailUrl\":\"https:\\\/\\\/www.ozcour.fr\\\/OZ\\\/wp-content\\\/uploads\\\/2023\\\/06\\\/charte-OZcour-mars-2020-1024x722.jpg\",\"datePublished\":\"2023-02-14T08:20:00+00:00\",\"dateModified\":\"2023-06-06T18:59:11+00:00\",\"breadcrumb\":{\"@id\":\"https:\\\/\\\/www.ozcour.fr\\\/OZ\\\/a-propos\\\/#breadcrumb\"},\"inLanguage\":\"fr-FR\",\"potentialAction\":[{\"@type\":\"ReadAction\",\"target\":[\"https:\\\/\\\/www.ozcour.fr\\\/OZ\\\/a-propos\\\/\"]}]},{\"@type\":\"ImageObject\",\"inLanguage\":\"fr-FR\",\"@id\":\"https:\\\/\\\/www.ozcour.fr\\\/OZ\\\/a-propos\\\/#primaryimage\",\"url\":\"https:\\\/\\\/www.ozcour.fr\\\/OZ\\\/wp-content\\\/uploads\\\/2023\\\/06\\\/charte-OZcour-mars-2020.jpg\",\"contentUrl\":\"https:\\\/\\\/www.ozcour.fr\\\/OZ\\\/wp-content\\\/uploads\\\/2023\\\/06\\\/charte-OZcour-mars-2020.jpg\",\"width\":2048,\"height\":1443},{\"@type\":\"BreadcrumbList\",\"@id\":\"https:\\\/\\\/www.ozcour.fr\\\/OZ\\\/a-propos\\\/#breadcrumb\",\"itemListElement\":[{\"@type\":\"ListItem\",\"position\":1,\"name\":\"Accueil\",\"item\":\"https:\\\/\\\/www.ozcour.fr\\\/OZ\\\/\"},{\"@type\":\"ListItem\",\"position\":2,\"name\":\"\u00c0 propos\"}]},{\"@type\":\"WebSite\",\"@id\":\"https:\\\/\\\/www.ozcour.fr\\\/OZ\\\/#website\",\"url\":\"https:\\\/\\\/www.ozcour.fr\\\/OZ\\\/\",\"name\":\"OZcour!\",\"description\":\"Site de l&#039;association OZcour!\",\"publisher\":{\"@id\":\"https:\\\/\\\/www.ozcour.fr\\\/OZ\\\/#organization\"},\"potentialAction\":[{\"@type\":\"SearchAction\",\"target\":{\"@type\":\"EntryPoint\",\"urlTemplate\":\"https:\\\/\\\/www.ozcour.fr\\\/OZ\\\/?s={search_term_string}\"},\"query-input\":{\"@type\":\"PropertyValueSpecification\",\"valueRequired\":true,\"valueName\":\"search_term_string\"}}],\"inLanguage\":\"fr-FR\"},{\"@type\":\"Organization\",\"@id\":\"https:\\\/\\\/www.ozcour.fr\\\/OZ\\\/#organization\",\"name\":\"Association OZcour!\",\"url\":\"https:\\\/\\\/www.ozcour.fr\\\/OZ\\\/\",\"logo\":{\"@type\":\"ImageObject\",\"inLanguage\":\"fr-FR\",\"@id\":\"https:\\\/\\\/www.ozcour.fr\\\/OZ\\\/#\\\/schema\\\/logo\\\/image\\\/\",\"url\":\"https:\\\/\\\/www.ozcour.fr\\\/OZ\\\/wp-content\\\/uploads\\\/2023\\\/02\\\/logo-OZcour-2023.gif\",\"contentUrl\":\"https:\\\/\\\/www.ozcour.fr\\\/OZ\\\/wp-content\\\/uploads\\\/2023\\\/02\\\/logo-OZcour-2023.gif\",\"width\":1000,\"height\":1000,\"caption\":\"Association OZcour!\"},\"image\":{\"@id\":\"https:\\\/\\\/www.ozcour.fr\\\/OZ\\\/#\\\/schema\\\/logo\\\/image\\\/\"},\"sameAs\":[\"https:\\\/\\\/www.facebook.com\\\/association.oz.cour\"]}]}<\/script>\n<!-- \/ Yoast SEO plugin. -->","yoast_head_json":{"title":"\u00c0 propos - OZcour!","robots":{"index":"index","follow":"follow","max-snippet":"max-snippet:-1","max-image-preview":"max-image-preview:large","max-video-preview":"max-video-preview:-1"},"canonical":"https:\/\/www.ozcour.fr\/OZ\/a-propos\/","og_locale":"fr_FR","og_type":"article","og_title":"\u00c0 propos - OZcour!","og_description":"L\u2019association OZ\u2019cour ! (OZ pour Obermodern-Zutzendorf) est n\u00e9e d\u2019un d\u00e9fi et de l\u2019envie de participer \u00e0 la vie de nos deux villages en partageant et en valorisant notre patrimoine local. Tout au long de l\u2019ann\u00e9e, nous organisons des \u00e9v\u00e8nements avec pour trait d\u2019union l\u2019ouverture des cours de nos maisons et corps de ferme, d\u00e9cor et [&hellip;]","og_url":"https:\/\/www.ozcour.fr\/OZ\/a-propos\/","og_site_name":"OZcour!","article_publisher":"https:\/\/www.facebook.com\/association.oz.cour","article_modified_time":"2023-06-06T18:59:11+00:00","og_image":[{"url":"https:\/\/www.ozcour.fr\/OZ\/wp-content\/uploads\/2023\/06\/charte-OZcour-mars-2020-1024x722.jpg","type":"","width":"","height":""}],"twitter_card":"summary_large_image","twitter_misc":{"Dur\u00e9e de lecture estim\u00e9e":"3 minutes"},"schema":{"@context":"https:\/\/schema.org","@graph":[{"@type":"WebPage","@id":"https:\/\/www.ozcour.fr\/OZ\/a-propos\/","url":"https:\/\/www.ozcour.fr\/OZ\/a-propos\/","name":"\u00c0 propos - OZcour!","isPartOf":{"@id":"https:\/\/www.ozcour.fr\/OZ\/#website"},"primaryImageOfPage":{"@id":"https:\/\/www.ozcour.fr\/OZ\/a-propos\/#primaryimage"},"image":{"@id":"https:\/\/www.ozcour.fr\/OZ\/a-propos\/#primaryimage"},"thumbnailUrl":"https:\/\/www.ozcour.fr\/OZ\/wp-content\/uploads\/2023\/06\/charte-OZcour-mars-2020-1024x722.jpg","datePublished":"2023-02-14T08:20:00+00:00","dateModified":"2023-06-06T18:59:11+00:00","breadcrumb":{"@id":"https:\/\/www.ozcour.fr\/OZ\/a-propos\/#breadcrumb"},"inLanguage":"fr-FR","potentialAction":[{"@type":"ReadAction","target":["https:\/\/www.ozcour.fr\/OZ\/a-propos\/"]}]},{"@type":"ImageObject","inLanguage":"fr-FR","@id":"https:\/\/www.ozcour.fr\/OZ\/a-propos\/#primaryimage","url":"https:\/\/www.ozcour.fr\/OZ\/wp-content\/uploads\/2023\/06\/charte-OZcour-mars-2020.jpg","contentUrl":"https:\/\/www.ozcour.fr\/OZ\/wp-content\/uploads\/2023\/06\/charte-OZcour-mars-2020.jpg","width":2048,"height":1443},{"@type":"BreadcrumbList","@id":"https:\/\/www.ozcour.fr\/OZ\/a-propos\/#breadcrumb","itemListElement":[{"@type":"ListItem","position":1,"name":"Accueil","item":"https:\/\/www.ozcour.fr\/OZ\/"},{"@type":"ListItem","position":2,"name":"\u00c0 propos"}]},{"@type":"WebSite","@id":"https:\/\/www.ozcour.fr\/OZ\/#website","url":"https:\/\/www.ozcour.fr\/OZ\/","name":"OZcour!","description":"Site de l&#039;association OZcour!","publisher":{"@id":"https:\/\/www.ozcour.fr\/OZ\/#organization"},"potentialAction":[{"@type":"SearchAction","target":{"@type":"EntryPoint","urlTemplate":"https:\/\/www.ozcour.fr\/OZ\/?s={search_term_string}"},"query-input":{"@type":"PropertyValueSpecification","valueRequired":true,"valueName":"search_term_string"}}],"inLanguage":"fr-FR"},{"@type":"Organization","@id":"https:\/\/www.ozcour.fr\/OZ\/#organization","name":"Association OZcour!","url":"https:\/\/www.ozcour.fr\/OZ\/","logo":{"@type":"ImageObject","inLanguage":"fr-FR","@id":"https:\/\/www.ozcour.fr\/OZ\/#\/schema\/logo\/image\/","url":"https:\/\/www.ozcour.fr\/OZ\/wp-content\/uploads\/2023\/02\/logo-OZcour-2023.gif","contentUrl":"https:\/\/www.ozcour.fr\/OZ\/wp-content\/uploads\/2023\/02\/logo-OZcour-2023.gif","width":1000,"height":1000,"caption":"Association OZcour!"},"image":{"@id":"https:\/\/www.ozcour.fr\/OZ\/#\/schema\/logo\/image\/"},"sameAs":["https:\/\/www.facebook.com\/association.oz.cour"]}]}},"_links":{"self":[{"href":"https:\/\/www.ozcour.fr\/OZ\/wp-json\/wp\/v2\/pages\/2","targetHints":{"allow":["GET"]}}],"collection":[{"href":"https:\/\/www.ozcour.fr\/OZ\/wp-json\/wp\/v2\/pages"}],"about":[{"href":"https:\/\/www.ozcour.fr\/OZ\/wp-json\/wp\/v2\/types\/page"}],"author":[{"embeddable":true,"href":"https:\/\/www.ozcour.fr\/OZ\/wp-json\/wp\/v2\/users\/1"}],"replies":[{"embeddable":true,"href":"https:\/\/www.ozcour.fr\/OZ\/wp-json\/wp\/v2\/comments?post=2"}],"version-history":[{"count":7,"href":"https:\/\/www.ozcour.fr\/OZ\/wp-json\/wp\/v2\/pages\/2\/revisions"}],"predecessor-version":[{"id":329,"href":"https:\/\/www.ozcour.fr\/OZ\/wp-json\/wp\/v2\/pages\/2\/revisions\/329"}],"wp:attachment":[{"href":"https:\/\/www.ozcour.fr\/OZ\/wp-json\/wp\/v2\/media?parent=2"}],"curies":[{"name":"wp","href":"https:\/\/api.w.org\/{rel}","templated":true}]}}