{"id":144,"date":"2023-03-04T14:39:22","date_gmt":"2023-03-04T13:39:22","guid":{"rendered":"https:\/\/www.ozcour.fr\/OZ\/?page_id=144"},"modified":"2023-03-04T14:42:08","modified_gmt":"2023-03-04T13:42:08","slug":"abonnement-a-la-newsletter","status":"publish","type":"page","link":"https:\/\/www.ozcour.fr\/OZ\/abonnement-a-la-newsletter\/","title":{"rendered":"Newsletter"},"content":{"rendered":"  \n  \n  <div class=\"\n    mailpoet_form_popup_overlay\n      \"><\/div>\n  <div\n    id=\"mailpoet_form_1\"\n    class=\"\n      mailpoet_form\n      mailpoet_form_html\n      mailpoet_form_position_\n      mailpoet_form_animation_\n    \"\n      >\n\n    <style type=\"text\/css\">\n     #mailpoet_form_1 .mailpoet_form {  }\n#mailpoet_form_1 form { margin-bottom: 0; }\n#mailpoet_form_1 p.mailpoet_form_paragraph { margin-bottom: 10px; }\n#mailpoet_form_1 .mailpoet_column_with_background { padding: 10px; }\n#mailpoet_form_1 .mailpoet_form_column:not(:first-child) { margin-left: 20px; }\n#mailpoet_form_1 .mailpoet_paragraph { line-height: 20px; margin-bottom: 20px; }\n#mailpoet_form_1 .mailpoet_segment_label, #mailpoet_form_1 .mailpoet_text_label, #mailpoet_form_1 .mailpoet_textarea_label, #mailpoet_form_1 .mailpoet_select_label, #mailpoet_form_1 .mailpoet_radio_label, #mailpoet_form_1 .mailpoet_checkbox_label, #mailpoet_form_1 .mailpoet_list_label, #mailpoet_form_1 .mailpoet_date_label { display: block; font-weight: normal; }\n#mailpoet_form_1 .mailpoet_text, #mailpoet_form_1 .mailpoet_textarea, #mailpoet_form_1 .mailpoet_select, #mailpoet_form_1 .mailpoet_date_month, #mailpoet_form_1 .mailpoet_date_day, #mailpoet_form_1 .mailpoet_date_year, #mailpoet_form_1 .mailpoet_date { display: block; }\n#mailpoet_form_1 .mailpoet_text, #mailpoet_form_1 .mailpoet_textarea { width: 200px; }\n#mailpoet_form_1 .mailpoet_checkbox {  }\n#mailpoet_form_1 .mailpoet_submit {  }\n#mailpoet_form_1 .mailpoet_divider {  }\n#mailpoet_form_1 .mailpoet_message {  }\n#mailpoet_form_1 .mailpoet_form_loading { width: 30px; text-align: center; line-height: normal; }\n#mailpoet_form_1 .mailpoet_form_loading > span { width: 5px; height: 5px; background-color: #5b5b5b; }\n#mailpoet_form_1 h2.mailpoet-heading { margin: 0 0 20px 0; }\n#mailpoet_form_1 h1.mailpoet-heading { margin: 0 0 10px; }#mailpoet_form_1{border-radius: 25px;text-align: center;}#mailpoet_form_1 form.mailpoet_form {padding: 20px;}#mailpoet_form_1{width: 100%;}#mailpoet_form_1 .mailpoet_message {margin: 0; padding: 0 20px;}\n        #mailpoet_form_1 .mailpoet_validate_success {color: #00d084}\n        #mailpoet_form_1 input.parsley-success {color: #00d084}\n        #mailpoet_form_1 select.parsley-success {color: #00d084}\n        #mailpoet_form_1 textarea.parsley-success {color: #00d084}\n      \n        #mailpoet_form_1 .mailpoet_validate_error {color: #cf2e2e}\n        #mailpoet_form_1 input.parsley-error {color: #cf2e2e}\n        #mailpoet_form_1 select.parsley-error {color: #cf2e2e}\n        #mailpoet_form_1 textarea.textarea.parsley-error {color: #cf2e2e}\n        #mailpoet_form_1 .parsley-errors-list {color: #cf2e2e}\n        #mailpoet_form_1 .parsley-required {color: #cf2e2e}\n        #mailpoet_form_1 .parsley-custom-error-message {color: #cf2e2e}\n      #mailpoet_form_1 .mailpoet_paragraph.last {margin-bottom: 0} @media (max-width: 500px) {#mailpoet_form_1 {background-image: none;}} @media (min-width: 500px) {#mailpoet_form_1 .last .mailpoet_paragraph:last-child {margin-bottom: 0}}  @media (max-width: 500px) {#mailpoet_form_1 .mailpoet_form_column:last-child .mailpoet_paragraph:last-child {margin-bottom: 0}} \n    <\/style>\n\n    <form\n      target=\"_self\"\n      method=\"post\"\n      action=\"https:\/\/www.ozcour.fr\/OZ\/wp-admin\/admin-post.php?action=mailpoet_subscription_form\"\n      class=\"mailpoet_form mailpoet_form_form mailpoet_form_html\"\n      novalidate\n      data-delay=\"\"\n      data-exit-intent-enabled=\"\"\n      data-font-family=\"\"\n      data-cookie-expiration-time=\"\"\n    >\n      <input type=\"hidden\" name=\"data[form_id]\" value=\"1\" \/>\n      <input type=\"hidden\" name=\"token\" value=\"bb13eee162\" \/>\n      <input type=\"hidden\" name=\"api_version\" value=\"v1\" \/>\n      <input type=\"hidden\" name=\"endpoint\" value=\"subscribers\" \/>\n      <input type=\"hidden\" name=\"mailpoet_method\" value=\"subscribe\" \/>\n\n      <label class=\"mailpoet_hp_email_label\" style=\"display: none !important;\">Veuillez laisser ce champ vide<input type=\"email\" name=\"data[email]\"\/><\/label><div class='mailpoet_spacer' style='height: 1px;'><\/div>\n<h2 class=\"mailpoet-heading  mailpoet-has-font-size\" style=\"text-align: center; color: #0693e3; font-size: 20px; line-height: 1.5\"><strong><span style=\"font-family: Verdana\" data-font=\"Verdana\" class=\"mailpoet-has-font\">Oh bonjour <img decoding=\"async\" class=\"emoji\" src=\"https:\/\/s.w.org\/images\/core\/emoji\/14.0.0\/svg\/1f44b.svg\" alt=\"\ud83d\udc4b\"> <br>Ravi de vous rencontrer.<\/span><\/strong><\/h2>\n<h2 class=\"mailpoet-heading  mailpoet-has-font-size\" style=\"text-align: center; font-size: 18px; line-height: 1.5\"><span style=\"font-family: Verdana\" data-font=\"Verdana\" class=\"mailpoet-has-font\"><strong>Inscrivez-vous pour recevoir <\/strong>r\u00e9guli\u00e8rement les informations sur nos prochains \u00e9v\u00e9nements<\/span>.<\/h2>\n<h2 class=\"mailpoet-heading  mailpoet-has-font-size\" style=\"text-align: left; font-size: 16px; line-height: 1.5\">(Uniquement votre pr\u00e9nom et votre adresse e-mail sont imp\u00e9ratifs)<\/h2>\n<div class=\"mailpoet_paragraph \"><input type=\"text\" autocomplete=\"given-name\" class=\"mailpoet_text\" id=\"form_first_name_1\" name=\"data[form_field_MjYyY2Q3NDE0ZmQ4X2ZpcnN0X25hbWU=]\" title=\"Pr\u00e9nom\" value=\"\" style=\"width:100%;box-sizing:border-box;padding:14px;margin: 0 auto;font-family:&#039;Montserrat&#039;;font-size:16px;line-height:1.5;height:auto;\" data-automation-id=\"form_first_name\"  placeholder=\"Pr\u00e9nom *\" aria-label=\"Pr\u00e9nom *\" data-parsley-errors-container=\".mailpoet_error_1n2wz\" data-parsley-names='[&quot;Veuillez sp\u00e9cifier un nom valide.&quot;,&quot;Les adresses dans les noms ne sont pas autoris\u00e9es, veuillez ajouter votre nom \u00e0 la place.&quot;]' data-parsley-required=\"true\" required aria-required=\"true\" data-parsley-required-message=\"Ce champ est n\u00e9cessaire.\"\/><span class=\"mailpoet_error_1n2wz\"><\/span><\/div>\n<div class=\"mailpoet_paragraph \"><input type=\"text\" autocomplete=\"family-name\" class=\"mailpoet_text\" id=\"form_last_name_1\" name=\"data[form_field_Zjg3NTcwN2Y0ZTBiX2xhc3RfbmFtZQ==]\" title=\"Nom\" value=\"\" style=\"width:100%;box-sizing:border-box;padding:14px;margin: 0 auto;font-family:&#039;Montserrat&#039;;font-size:16px;line-height:1.5;height:auto;\" data-automation-id=\"form_last_name\"  placeholder=\"Nom\" aria-label=\"Nom\" data-parsley-errors-container=\".mailpoet_error_jd4qn\" data-parsley-names='[&quot;Veuillez sp\u00e9cifier un nom valide.&quot;,&quot;Les adresses dans les noms ne sont pas autoris\u00e9es, veuillez ajouter votre nom \u00e0 la place.&quot;]'\/><span class=\"mailpoet_error_jd4qn\"><\/span><\/div>\n<div class=\"mailpoet_paragraph \"><input type=\"text\" autocomplete=\"on\" class=\"mailpoet_text\" id=\"form_1_1\" name=\"data[cf_1]\" title=\"T\u00e9l\u00e9phone\" value=\"\" style=\"width:100%;box-sizing:border-box;padding:14px;margin: 0 auto;font-family:&#039;Montserrat&#039;;font-size:16px;line-height:1.5;height:auto;\"   placeholder=\"T\u00e9l\u00e9phone\" aria-label=\"T\u00e9l\u00e9phone\" data-parsley-errors-container=\".mailpoet_error_t8kwk\" data-parsley-pattern=\"^[\\d\\+\\-\\.\\(\\)\\\/\\s]*$\" data-parsley-error-message=\"Veuillez sp\u00e9cifier un num\u00e9ro de t\u00e9l\u00e9phone valide.\"\/><span class=\"mailpoet_error_t8kwk\"><\/span><\/div>\n<div class=\"mailpoet_paragraph \"><input type=\"text\" autocomplete=\"on\" class=\"mailpoet_text\" id=\"form_2_1\" name=\"data[cf_2]\" title=\"Commentaires\" value=\"\" style=\"width:100%;box-sizing:border-box;padding:14px;margin: 0 auto;font-family:&#039;Montserrat&#039;;font-size:16px;line-height:1.5;height:auto;\"   placeholder=\"Commentaires\" aria-label=\"Commentaires\" data-parsley-errors-container=\".mailpoet_error_1v6og\"\/><span class=\"mailpoet_error_1v6og\"><\/span><\/div>\n<div class=\"mailpoet_paragraph \"><input type=\"email\" autocomplete=\"email\" class=\"mailpoet_text\" id=\"form_email_1\" name=\"data[form_field_ZjFjOGE4Nzk0ZWRkX2VtYWls]\" title=\"Adresse e-mail\" value=\"\" style=\"width:100%;box-sizing:border-box;padding:14px;margin: 0 auto;font-family:&#039;Montserrat&#039;;font-size:16px;line-height:1.5;height:auto;\" data-automation-id=\"form_email\"  placeholder=\"Adresse e-mail *\" aria-label=\"Adresse e-mail *\" data-parsley-errors-container=\".mailpoet_error_132bw\" data-parsley-required=\"true\" required aria-required=\"true\" data-parsley-minlength=\"6\" data-parsley-maxlength=\"150\" data-parsley-type-message=\"Cette valeur doit \u00eatre un e-mail valide.\" data-parsley-required-message=\"Ce champ est n\u00e9cessaire.\"\/><span class=\"mailpoet_error_132bw\"><\/span><\/div>\n<div class=\"mailpoet_paragraph \"><input type=\"submit\" class=\"mailpoet_submit\" value=\"Valider votre inscription\" data-automation-id=\"subscribe-submit-button\" data-font-family='Montserrat' style=\"width:100%;box-sizing:border-box;background-color:#cd1814;border-style:solid;border-radius:40px !important;border-width:3px;border-color:#313131;padding:14px;margin: 0 auto;font-family:&#039;Montserrat&#039;;font-size:20px;line-height:1.5;height:auto;color:#ffffff;font-weight:bold;\" \/><span class=\"mailpoet_form_loading\"><span class=\"mailpoet_bounce1\"><\/span><span class=\"mailpoet_bounce2\"><\/span><span class=\"mailpoet_bounce3\"><\/span><\/span><\/div>\n<p class=\"mailpoet_form_paragraph  mailpoet-has-font-size\" style=\"text-align: center; font-size: 13px; line-height: 1.5\">Nous ne spammons pas\u00a0! Consultez notre <a href=\"https:\/\/www.ozcour.fr\/OZ\/?page_id=114\" target=\"_blank\" rel=\"noreferrer noopener\">politique de confidentialit\u00e9<\/a> pour plus d\u2019informations.<\/p>\n\n      <div class=\"mailpoet_message\">\n        <p class=\"mailpoet_validate_success\"\n                style=\"display:none;\"\n                >V\u00e9rifiez votre boite de r\u00e9ception ou votre r\u00e9pertoire d\u2019ind\u00e9sirables pour confirmer votre abonnement.\n        <\/p>\n        <p class=\"mailpoet_validate_error\"\n                style=\"display:none;\"\n                >        <\/p>\n      <\/div>\n    <\/form>\n\n      <\/div>\n\n  ","protected":false},"excerpt":{"rendered":"","protected":false},"author":1,"featured_media":0,"parent":0,"menu_order":0,"comment_status":"closed","ping_status":"closed","template":"page-large-header","meta":{"footnotes":""},"class_list":["post-144","page","type-page","status-publish","hentry"],"yoast_head":"<!-- This site is optimized with the Yoast SEO plugin v27.4 - https:\/\/yoast.com\/product\/yoast-seo-wordpress\/ -->\n<title>Newsletter - OZcour!<\/title>\n<meta name=\"robots\" content=\"index, follow, max-snippet:-1, max-image-preview:large, max-video-preview:-1\" \/>\n<link rel=\"canonical\" href=\"https:\/\/www.ozcour.fr\/OZ\/abonnement-a-la-newsletter\/\" \/>\n<meta property=\"og:locale\" content=\"fr_FR\" \/>\n<meta property=\"og:type\" content=\"article\" \/>\n<meta property=\"og:title\" content=\"Newsletter - OZcour!\" \/>\n<meta property=\"og:url\" content=\"https:\/\/www.ozcour.fr\/OZ\/abonnement-a-la-newsletter\/\" \/>\n<meta property=\"og:site_name\" content=\"OZcour!\" \/>\n<meta property=\"article:publisher\" content=\"https:\/\/www.facebook.com\/association.oz.cour\" \/>\n<meta property=\"article:modified_time\" content=\"2023-03-04T13:42:08+00:00\" \/>\n<meta name=\"twitter:card\" content=\"summary_large_image\" \/>\n<script type=\"application\/ld+json\" class=\"yoast-schema-graph\">{\"@context\":\"https:\\\/\\\/schema.org\",\"@graph\":[{\"@type\":\"WebPage\",\"@id\":\"https:\\\/\\\/www.ozcour.fr\\\/OZ\\\/abonnement-a-la-newsletter\\\/\",\"url\":\"https:\\\/\\\/www.ozcour.fr\\\/OZ\\\/abonnement-a-la-newsletter\\\/\",\"name\":\"Newsletter - OZcour!\",\"isPartOf\":{\"@id\":\"https:\\\/\\\/www.ozcour.fr\\\/OZ\\\/#website\"},\"datePublished\":\"2023-03-04T13:39:22+00:00\",\"dateModified\":\"2023-03-04T13:42:08+00:00\",\"breadcrumb\":{\"@id\":\"https:\\\/\\\/www.ozcour.fr\\\/OZ\\\/abonnement-a-la-newsletter\\\/#breadcrumb\"},\"inLanguage\":\"fr-FR\",\"potentialAction\":[{\"@type\":\"ReadAction\",\"target\":[\"https:\\\/\\\/www.ozcour.fr\\\/OZ\\\/abonnement-a-la-newsletter\\\/\"]}]},{\"@type\":\"BreadcrumbList\",\"@id\":\"https:\\\/\\\/www.ozcour.fr\\\/OZ\\\/abonnement-a-la-newsletter\\\/#breadcrumb\",\"itemListElement\":[{\"@type\":\"ListItem\",\"position\":1,\"name\":\"Accueil\",\"item\":\"https:\\\/\\\/www.ozcour.fr\\\/OZ\\\/\"},{\"@type\":\"ListItem\",\"position\":2,\"name\":\"Newsletter\"}]},{\"@type\":\"WebSite\",\"@id\":\"https:\\\/\\\/www.ozcour.fr\\\/OZ\\\/#website\",\"url\":\"https:\\\/\\\/www.ozcour.fr\\\/OZ\\\/\",\"name\":\"OZcour!\",\"description\":\"Site de l&#039;association OZcour!\",\"publisher\":{\"@id\":\"https:\\\/\\\/www.ozcour.fr\\\/OZ\\\/#organization\"},\"potentialAction\":[{\"@type\":\"SearchAction\",\"target\":{\"@type\":\"EntryPoint\",\"urlTemplate\":\"https:\\\/\\\/www.ozcour.fr\\\/OZ\\\/?s={search_term_string}\"},\"query-input\":{\"@type\":\"PropertyValueSpecification\",\"valueRequired\":true,\"valueName\":\"search_term_string\"}}],\"inLanguage\":\"fr-FR\"},{\"@type\":\"Organization\",\"@id\":\"https:\\\/\\\/www.ozcour.fr\\\/OZ\\\/#organization\",\"name\":\"Association OZcour!\",\"url\":\"https:\\\/\\\/www.ozcour.fr\\\/OZ\\\/\",\"logo\":{\"@type\":\"ImageObject\",\"inLanguage\":\"fr-FR\",\"@id\":\"https:\\\/\\\/www.ozcour.fr\\\/OZ\\\/#\\\/schema\\\/logo\\\/image\\\/\",\"url\":\"https:\\\/\\\/www.ozcour.fr\\\/OZ\\\/wp-content\\\/uploads\\\/2023\\\/02\\\/logo-OZcour-2023.gif\",\"contentUrl\":\"https:\\\/\\\/www.ozcour.fr\\\/OZ\\\/wp-content\\\/uploads\\\/2023\\\/02\\\/logo-OZcour-2023.gif\",\"width\":1000,\"height\":1000,\"caption\":\"Association OZcour!\"},\"image\":{\"@id\":\"https:\\\/\\\/www.ozcour.fr\\\/OZ\\\/#\\\/schema\\\/logo\\\/image\\\/\"},\"sameAs\":[\"https:\\\/\\\/www.facebook.com\\\/association.oz.cour\"]}]}<\/script>\n<!-- \/ Yoast SEO plugin. -->","yoast_head_json":{"title":"Newsletter - OZcour!","robots":{"index":"index","follow":"follow","max-snippet":"max-snippet:-1","max-image-preview":"max-image-preview:large","max-video-preview":"max-video-preview:-1"},"canonical":"https:\/\/www.ozcour.fr\/OZ\/abonnement-a-la-newsletter\/","og_locale":"fr_FR","og_type":"article","og_title":"Newsletter - OZcour!","og_url":"https:\/\/www.ozcour.fr\/OZ\/abonnement-a-la-newsletter\/","og_site_name":"OZcour!","article_publisher":"https:\/\/www.facebook.com\/association.oz.cour","article_modified_time":"2023-03-04T13:42:08+00:00","twitter_card":"summary_large_image","schema":{"@context":"https:\/\/schema.org","@graph":[{"@type":"WebPage","@id":"https:\/\/www.ozcour.fr\/OZ\/abonnement-a-la-newsletter\/","url":"https:\/\/www.ozcour.fr\/OZ\/abonnement-a-la-newsletter\/","name":"Newsletter - OZcour!","isPartOf":{"@id":"https:\/\/www.ozcour.fr\/OZ\/#website"},"datePublished":"2023-03-04T13:39:22+00:00","dateModified":"2023-03-04T13:42:08+00:00","breadcrumb":{"@id":"https:\/\/www.ozcour.fr\/OZ\/abonnement-a-la-newsletter\/#breadcrumb"},"inLanguage":"fr-FR","potentialAction":[{"@type":"ReadAction","target":["https:\/\/www.ozcour.fr\/OZ\/abonnement-a-la-newsletter\/"]}]},{"@type":"BreadcrumbList","@id":"https:\/\/www.ozcour.fr\/OZ\/abonnement-a-la-newsletter\/#breadcrumb","itemListElement":[{"@type":"ListItem","position":1,"name":"Accueil","item":"https:\/\/www.ozcour.fr\/OZ\/"},{"@type":"ListItem","position":2,"name":"Newsletter"}]},{"@type":"WebSite","@id":"https:\/\/www.ozcour.fr\/OZ\/#website","url":"https:\/\/www.ozcour.fr\/OZ\/","name":"OZcour!","description":"Site de l&#039;association OZcour!","publisher":{"@id":"https:\/\/www.ozcour.fr\/OZ\/#organization"},"potentialAction":[{"@type":"SearchAction","target":{"@type":"EntryPoint","urlTemplate":"https:\/\/www.ozcour.fr\/OZ\/?s={search_term_string}"},"query-input":{"@type":"PropertyValueSpecification","valueRequired":true,"valueName":"search_term_string"}}],"inLanguage":"fr-FR"},{"@type":"Organization","@id":"https:\/\/www.ozcour.fr\/OZ\/#organization","name":"Association OZcour!","url":"https:\/\/www.ozcour.fr\/OZ\/","logo":{"@type":"ImageObject","inLanguage":"fr-FR","@id":"https:\/\/www.ozcour.fr\/OZ\/#\/schema\/logo\/image\/","url":"https:\/\/www.ozcour.fr\/OZ\/wp-content\/uploads\/2023\/02\/logo-OZcour-2023.gif","contentUrl":"https:\/\/www.ozcour.fr\/OZ\/wp-content\/uploads\/2023\/02\/logo-OZcour-2023.gif","width":1000,"height":1000,"caption":"Association OZcour!"},"image":{"@id":"https:\/\/www.ozcour.fr\/OZ\/#\/schema\/logo\/image\/"},"sameAs":["https:\/\/www.facebook.com\/association.oz.cour"]}]}},"_links":{"self":[{"href":"https:\/\/www.ozcour.fr\/OZ\/wp-json\/wp\/v2\/pages\/144","targetHints":{"allow":["GET"]}}],"collection":[{"href":"https:\/\/www.ozcour.fr\/OZ\/wp-json\/wp\/v2\/pages"}],"about":[{"href":"https:\/\/www.ozcour.fr\/OZ\/wp-json\/wp\/v2\/types\/page"}],"author":[{"embeddable":true,"href":"https:\/\/www.ozcour.fr\/OZ\/wp-json\/wp\/v2\/users\/1"}],"replies":[{"embeddable":true,"href":"https:\/\/www.ozcour.fr\/OZ\/wp-json\/wp\/v2\/comments?post=144"}],"version-history":[{"count":2,"href":"https:\/\/www.ozcour.fr\/OZ\/wp-json\/wp\/v2\/pages\/144\/revisions"}],"predecessor-version":[{"id":146,"href":"https:\/\/www.ozcour.fr\/OZ\/wp-json\/wp\/v2\/pages\/144\/revisions\/146"}],"wp:attachment":[{"href":"https:\/\/www.ozcour.fr\/OZ\/wp-json\/wp\/v2\/media?parent=144"}],"curies":[{"name":"wp","href":"https:\/\/api.w.org\/{rel}","templated":true}]}}